{"id":49,"date":"2023-09-19T04:40:11","date_gmt":"2023-09-19T04:40:11","guid":{"rendered":"https:\/\/demoapus1.com\/boxcar\/?page_id=49"},"modified":"2026-03-17T11:05:52","modified_gmt":"2026-03-17T11:05:52","slug":"contact-us","status":"publish","type":"page","link":"https:\/\/oscariantrade.hu\/hu\/contact-us\/","title":{"rendered":"Kapcsolat"},"content":{"rendered":"<div data-elementor-type=\"wp-page\" data-elementor-id=\"49\" class=\"elementor elementor-49\">\n\t\t\t\t<div class=\"elementor-element elementor-element-ed7809f e-flex e-con-boxed elementor-invisible e-con e-parent\" data-id=\"ed7809f\" data-element_type=\"container\" data-settings=\"{&quot;animation&quot;:&quot;slide-up&quot;}\">\n\t\t\t\t\t<div class=\"e-con-inner\">\n\t\t<div class=\"elementor-element elementor-element-ed0514b e-con-full e-flex e-con e-child\" data-id=\"ed0514b\" data-element_type=\"container\">\n\t\t\t\t<div class=\"elementor-element elementor-element-2361e7c elementor-widget elementor-widget-google_maps\" data-id=\"2361e7c\" data-element_type=\"widget\" data-widget_type=\"google_maps.default\">\n\t\t\t\t<div class=\"elementor-widget-container\">\n\t\t\t\t\t\t\t<div class=\"elementor-custom-embed\">\n\t\t\t<iframe loading=\"lazy\"\n\t\t\t\t\tsrc=\"https:\/\/maps.google.com\/maps?q=1171%20Budapest%20Oszk%C3%A1r%20utca%2039.&#038;t=m&#038;z=12&#038;output=embed&#038;iwloc=near\"\n\t\t\t\t\ttitle=\"1171 Budapest Oszk\u00e1r utca 39.\"\n\t\t\t\t\taria-label=\"1171 Budapest Oszk\u00e1r utca 39.\"\n\t\t\t><\/iframe>\n\t\t<\/div>\n\t\t\t\t\t\t<\/div>\n\t\t\t\t<\/div>\n\t\t\t\t<\/div>\n\t\t\t\t\t<\/div>\n\t\t\t\t<\/div>\n\t\t<div class=\"elementor-element elementor-element-5984581 e-flex e-con-boxed elementor-invisible e-con e-parent\" data-id=\"5984581\" data-element_type=\"container\" data-settings=\"{&quot;animation&quot;:&quot;slide-up&quot;}\">\n\t\t\t\t\t<div class=\"e-con-inner\">\n\t\t<div class=\"elementor-element elementor-element-6206649 e-con-full e-flex e-con e-child\" data-id=\"6206649\" data-element_type=\"container\">\n\t\t\t\t<div class=\"elementor-element elementor-element-40a9b04 elementor-widget elementor-widget-heading\" data-id=\"40a9b04\" data-element_type=\"widget\" data-widget_type=\"heading.default\">\n\t\t\t\t<div class=\"elementor-widget-container\">\n\t\t\t\t\t<h2 class=\"elementor-heading-title elementor-size-default\">Kapcsolatfelv\u00e9tel<\/h2>\t\t\t\t<\/div>\n\t\t\t\t<\/div>\n\t\t\t\t<div class=\"elementor-element elementor-element-b91a6da elementor-widget__width-initial elementor-widget elementor-widget-text-editor\" data-id=\"b91a6da\" data-element_type=\"widget\" data-widget_type=\"text-editor.default\">\n\t\t\t\t<div class=\"elementor-widget-container\">\n\t\t\t\t\t\t\t\t\t<p>Ha b\u00e1rmilyen k\u00e9rd\u00e9se, visszajelz\u00e9se van, vagy egyszer\u0171en csak szeretne kapcsolatba l\u00e9pni vel\u00fcnk, k\u00e9rj\u00fck, t\u00f6ltse ki az al\u00e1bbi \u0171rlapot. Mindent megtesz\u00fcnk, hogy a lehet\u0151 leggyorsabban v\u00e1laszoljunk.<\/p>\t\t\t\t\t\t\t\t<\/div>\n\t\t\t\t<\/div>\n\t\t\t\t<div class=\"elementor-element elementor-element-45f1190 elementor-widget elementor-widget-shortcode\" data-id=\"45f1190\" data-element_type=\"widget\" data-widget_type=\"shortcode.default\">\n\t\t\t\t<div class=\"elementor-widget-container\">\n\t\t\t\t\t\t\t<div class=\"elementor-shortcode\">\n<div class=\"wpcf7 no-js\" id=\"wpcf7-f1975-o1\" lang=\"en-US\" dir=\"ltr\" data-wpcf7-id=\"1975\">\n<div class=\"screen-reader-response\"><p role=\"status\" aria-live=\"polite\" aria-atomic=\"true\"><\/p> <ul><\/ul><\/div>\n<form action=\"\/hu\/wp-json\/wp\/v2\/pages\/49#wpcf7-f1975-o1\" method=\"post\" class=\"wpcf7-form init\" aria-label=\"Contact form\" novalidate=\"novalidate\" data-status=\"init\" data-trp-original-action=\"\/hu\/wp-json\/wp\/v2\/pages\/49#wpcf7-f1975-o1\">\n<div style=\"display: none;\">\n<input type=\"hidden\" name=\"_wpcf7\" value=\"1975\" \/>\n<input type=\"hidden\" name=\"_wpcf7_version\" value=\"6.0.6\" \/>\n<input type=\"hidden\" name=\"_wpcf7_locale\" value=\"en_US\" \/>\n<input type=\"hidden\" name=\"_wpcf7_unit_tag\" value=\"wpcf7-f1975-o1\" \/>\n<input type=\"hidden\" name=\"_wpcf7_container_post\" value=\"0\" \/>\n<input type=\"hidden\" name=\"_wpcf7_posted_data_hash\" value=\"\" \/>\n<\/div>\n<div class=\"row\">\n\t<div class=\"col-12 col-md-6\">\n\t\t<div class=\"form-group\">\n\t\t\t<p><label>Keresztn\u00e9v*<\/label><br \/>\n<span class=\"wpcf7-form-control-wrap\" data-name=\"your-first-name\"><input size=\"40\" maxlength=\"400\" class=\"wpcf7-form-control wpcf7-text wpcf7-validates-as-required form-control\" aria-required=\"true\" aria-invalid=\"false\" placeholder=\"\" value=\"\" type=\"text\" name=\"your-first-name\" \/><\/span>\n\t\t\t<\/p>\n\t\t<\/div>\n\t<\/div>\n\t<div class=\"col-12 col-md-6\">\n\t\t<div class=\"form-group\">\n\t\t\t<p><label>Vezet\u00e9kn\u00e9v*<\/label><br \/>\n<span class=\"wpcf7-form-control-wrap\" data-name=\"your-last-name\"><input size=\"40\" maxlength=\"400\" class=\"wpcf7-form-control wpcf7-text wpcf7-validates-as-required form-control\" aria-required=\"true\" aria-invalid=\"false\" placeholder=\"\" value=\"\" type=\"text\" name=\"your-last-name\" \/><\/span>\n\t\t\t<\/p>\n\t\t<\/div>\n\t<\/div>\n<\/div>\n<div class=\"row\">\n\t<div class=\"col-12 col-md-6\">\n\t\t<div class=\"form-group\">\n\t\t\t<p><label>Email*<\/label><br \/>\n<span class=\"wpcf7-form-control-wrap\" data-name=\"your-email\"><input size=\"40\" maxlength=\"400\" class=\"wpcf7-form-control wpcf7-email wpcf7-validates-as-required wpcf7-text wpcf7-validates-as-email form-control\" aria-required=\"true\" aria-invalid=\"false\" placeholder=\"\" value=\"\" type=\"email\" name=\"your-email\" \/><\/span>\n\t\t\t<\/p>\n\t\t<\/div>\n\t<\/div>\n\t<div class=\"col-12 col-md-6\">\n\t\t<div class=\"form-group\">\n\t\t\t<p><label>Telefon<\/label><br \/>\n<span class=\"wpcf7-form-control-wrap\" data-name=\"your-phone\"><input size=\"40\" maxlength=\"400\" class=\"wpcf7-form-control wpcf7-text form-control\" aria-invalid=\"false\" placeholder=\"\" value=\"\" type=\"text\" name=\"your-phone\" \/><\/span>\n\t\t\t<\/p>\n\t\t<\/div>\n\t<\/div>\n<\/div>\n<div class=\"form-group\">\n\t<p><label>\u00dczenet<\/label><br \/>\n<span class=\"wpcf7-form-control-wrap\" data-name=\"your-message\"><textarea cols=\"40\" rows=\"10\" maxlength=\"2000\" class=\"wpcf7-form-control wpcf7-textarea form-control\" aria-invalid=\"false\" placeholder=\"\" name=\"your-message\"><\/textarea><\/span>\n\t<\/p>\n<\/div>\n<div class=\"position-relative d-inline-block\">\n\t<p><input class=\"wpcf7-form-control wpcf7-submit has-spinner btn btn-theme\" type=\"submit\" value=\"\u00dczenet k\u00fcld\u00e9se\" \/>\n\t<\/p>\n<\/div><div class=\"wpcf7-response-output\" aria-hidden=\"true\"><\/div>\n<input type=\"hidden\" name=\"trp-form-language\" value=\"hu\"\/><\/form>\n<\/div>\n<\/div>\n\t\t\t\t\t\t<\/div>\n\t\t\t\t<\/div>\n\t\t\t\t<\/div>\n\t\t<div class=\"elementor-element elementor-element-677f024 e-con-full elementor-hidden-tablet elementor-hidden-mobile e-flex e-con e-child\" data-id=\"677f024\" data-element_type=\"container\">\n\t\t\t\t<\/div>\n\t\t<div class=\"elementor-element elementor-element-1493b95 e-con-full e-flex e-con e-child\" data-id=\"1493b95\" data-element_type=\"container\">\n\t\t\t\t<div class=\"elementor-element elementor-element-1a8fe6a elementor-widget elementor-widget-heading\" data-id=\"1a8fe6a\" data-element_type=\"widget\" data-widget_type=\"heading.default\">\n\t\t\t\t<div class=\"elementor-widget-container\">\n\t\t\t\t\t<h2 class=\"elementor-heading-title elementor-size-default\">El\u00e9rhet\u0151s\u00e9gek<\/h2>\t\t\t\t<\/div>\n\t\t\t\t<\/div>\n\t\t\t\t<div class=\"elementor-element elementor-element-3b9d106 elementor-widget elementor-widget-apus_element_list_icon\" data-id=\"3b9d106\" data-element_type=\"widget\" data-widget_type=\"apus_element_list_icon.default\">\n\t\t\t\t<div class=\"elementor-widget-container\">\n\t\t\t\t\t            <div class=\"widget-list-icon\">\n                                                <div class=\"list-icon d-flex style1\">\n                                    <div class=\"features-box-image img\"><img decoding=\"async\" src=\"https:\/\/oscariantrade.hu\/wp-content\/uploads\/2023\/10\/pin.svg\" class=\"attachment-full size-full wp-image-1951\" alt=\"\" \/><\/div><div class=\"box-content\"><h3 class=\"title\">V\u00e1llalat<\/h3><div class=\"description\">Oscarian Trade Kft <\/div><\/div>\n                            <\/div>\n                                                <div class=\"list-icon d-flex style1\">\n                                    <div class=\"features-box-image img\"><img decoding=\"async\" src=\"https:\/\/oscariantrade.hu\/wp-content\/uploads\/2023\/10\/pin.svg\" class=\"attachment-full size-full wp-image-1951\" alt=\"\" \/><\/div><div class=\"box-content\"><h3 class=\"title\">Sz\u00e9khely<\/h3><div class=\"description\">1171 Budapest<br \/>\nOszk\u00e1r utca 39.<\/div><\/div>\n                            <\/div>\n                                                <div class=\"list-icon d-flex style1\">\n                                    <div class=\"features-box-image img\"><img decoding=\"async\" src=\"https:\/\/oscariantrade.hu\/wp-content\/uploads\/2023\/10\/pin.svg\" class=\"attachment-full size-full wp-image-1951\" alt=\"\" \/><\/div><div class=\"box-content\"><h3 class=\"title\">Telephely<\/h3><div class=\"description\">1173 Budapest<br>\nCs\u00e9pl\u0151 \u00fat 219.<\/div><\/div>\n                            <\/div>\n                                                <div class=\"list-icon d-flex style1\">\n                                    <div class=\"features-box-image img\"><img decoding=\"async\" src=\"https:\/\/oscariantrade.hu\/wp-content\/uploads\/2023\/10\/pin.svg\" class=\"attachment-full size-full wp-image-1951\" alt=\"\" \/><\/div><div class=\"box-content\"><h3 class=\"title\">Nyitvatart\u00e1s<\/h3><div class=\"description\">H\u00e9tf\u0151-p\u00e9ntek: 10:00 \u2013 18:00<br \/>\nSzombat: 10:00 \u2013 14:00<br \/>\nVas\u00e1rnap: id\u0151pont egyeztet\u00e9ssel<\/div><\/div>\n                            <\/div>\n                                                <div class=\"list-icon d-flex style1\">\n                                    <div class=\"features-box-image img\"><img decoding=\"async\" src=\"https:\/\/oscariantrade.hu\/wp-content\/uploads\/2023\/10\/mail-1.svg\" class=\"attachment-full size-full wp-image-1958\" alt=\"\" \/><\/div><div class=\"box-content\"><h3 class=\"title\">Email<\/h3><div class=\"description\">info@oscariantrade.hu<\/div><\/div>\n                            <\/div>\n                                                <div class=\"list-icon d-flex style1\">\n                                    <div class=\"features-box-image img\"><img decoding=\"async\" src=\"https:\/\/oscariantrade.hu\/wp-content\/uploads\/2023\/10\/mail-1.svg\" class=\"attachment-full size-full wp-image-1958\" alt=\"\" \/><\/div><div class=\"box-content\"><h3 class=\"title\">Telefon<\/h3><div class=\"description\">+36-70-340-9378<\/div><\/div>\n                            <\/div>\n                                <\/div>\n            \t\t\t\t<\/div>\n\t\t\t\t<\/div>\n\t\t\t\t<div class=\"elementor-element elementor-element-f278eec elementor-widget elementor-widget-heading\" data-id=\"f278eec\" data-element_type=\"widget\" data-widget_type=\"heading.default\">\n\t\t\t\t<div class=\"elementor-widget-container\">\n\t\t\t\t\t<h2 class=\"elementor-heading-title elementor-size-default\">K\u00f6vess minket<\/h2>\t\t\t\t<\/div>\n\t\t\t\t<\/div>\n\t\t\t\t<div class=\"elementor-element elementor-element-7cdbc25 elementor-widget elementor-widget-apus_element_social_links\" data-id=\"7cdbc25\" data-element_type=\"widget\" data-widget_type=\"apus_element_social_links.default\">\n\t\t\t\t<div class=\"elementor-widget-container\">\n\t\t\t\t\t\n        <div class=\"widget-socials\">\n                        <ul class=\"social list-inline\">\n                                    <li>\n                        <a href=\"#\" target=\"_blank\">\n                            <i class=\"fab fa-facebook-f\"><\/i>                        <\/a>\n                    <\/li>\n                                    <li>\n                        <a href=\"#\" target=\"_blank\">\n                            <i class=\"fab fa-twitter\"><\/i>                        <\/a>\n                    <\/li>\n                                    <li>\n                        <a href=\"#\" target=\"_blank\">\n                            <i class=\"fab fa-instagram\"><\/i>                        <\/a>\n                    <\/li>\n                                    <li>\n                        <a href=\"#\" target=\"_blank\">\n                            <i class=\"fab fa-linkedin-in\"><\/i>                        <\/a>\n                    <\/li>\n                            <\/ul>\n        <\/div> \n        \t\t\t\t<\/div>\n\t\t\t\t<\/div>\n\t\t\t\t<\/div>\n\t\t\t\t\t<\/div>\n\t\t\t\t<\/div>\n\t\t\t\t<\/div>","protected":false},"excerpt":{"rendered":"<p>Get In Touch If you have any questions, feedback, or would simply like to get in touch, please fill out the form below. We\u2019ll do our best to respond as quickly as possible. Contact details Company Oscarian Trade Kft Address 1 1171 Budapest Oszk\u00e1r utca 39. Address 2 1173 Budapest Cs\u00e9pl\u0151 \u00fat 219. Open Hours [&hellip;]<\/p>","protected":false},"author":1,"featured_media":0,"parent":0,"menu_order":0,"comment_status":"closed","ping_status":"closed","template":"","meta":{"footnotes":""},"class_list":["post-49","page","type-page","status-publish","hentry"],"_links":{"self":[{"href":"https:\/\/oscariantrade.hu\/hu\/wp-json\/wp\/v2\/pages\/49","targetHints":{"allow":["GET"]}}],"collection":[{"href":"https:\/\/oscariantrade.hu\/hu\/wp-json\/wp\/v2\/pages"}],"about":[{"href":"https:\/\/oscariantrade.hu\/hu\/wp-json\/wp\/v2\/types\/page"}],"author":[{"embeddable":true,"href":"https:\/\/oscariantrade.hu\/hu\/wp-json\/wp\/v2\/users\/1"}],"replies":[{"embeddable":true,"href":"https:\/\/oscariantrade.hu\/hu\/wp-json\/wp\/v2\/comments?post=49"}],"version-history":[{"count":25,"href":"https:\/\/oscariantrade.hu\/hu\/wp-json\/wp\/v2\/pages\/49\/revisions"}],"predecessor-version":[{"id":7038,"href":"https:\/\/oscariantrade.hu\/hu\/wp-json\/wp\/v2\/pages\/49\/revisions\/7038"}],"wp:attachment":[{"href":"https:\/\/oscariantrade.hu\/hu\/wp-json\/wp\/v2\/media?parent=49"}],"curies":[{"name":"wp","href":"https:\/\/api.w.org\/{rel}","templated":true}]}}